{"id":2786,"date":"2016-09-14T02:10:35","date_gmt":"2016-09-14T02:10:35","guid":{"rendered":"http:\/\/www.dantica.com\/en\/?page_id=2786"},"modified":"2017-10-13T20:12:45","modified_gmt":"2017-10-13T20:12:45","slug":"danticas-history","status":"publish","type":"page","link":"https:\/\/www.dantica.com\/en\/about-us\/danticas-history\/","title":{"rendered":"Dantica&#8217;s History"},"content":{"rendered":"[vc_row][vc_column][vc_custom_heading text=&#8221;The name Dantica&#8221; font_container=&#8221;tag:h5|text_align:left&#8221; use_theme_fonts=&#8221;yes&#8221;][vc_column_text]The history of <strong>Dantica Cloud Forest Lodge<\/strong> starts with its name. The founders and owners of <strong>Dantica ecolodge<\/strong> are a Colombian &#8211; Dutch couple, Maria Luisa Castro Fern\u00e1ndez who is a textile designer, and Joost Wilms who is a tropical ecologist. When Joost was finishing his studies in 1992 he had to do fieldwork in <strong>Costa Rica<\/strong> and resulted to study reforestation with frugivorous birds in the <strong>Cloud Forest<\/strong> of <strong>San Gerardo de Dota<\/strong>. He fell in love with the place, not knowing he would be coming back 10 years later to built an ecolodge with his new love, Maria Luisa.[\/vc_column_text][\/vc_column][\/vc_row][vc_row gap=&#8221;25&#8243; content_placement=&#8221;middle&#8221;][vc_column width=&#8221;1\/4&#8243;][vc_empty_space height=&#8221;50px&#8221;][vc_single_image image=&#8221;2143&#8243; img_size=&#8221;full&#8221; alignment=&#8221;center&#8221; css_animation=&#8221;left-to-right&#8221;][\/vc_column][vc_column width=&#8221;3\/4&#8243;][vc_column_text css_animation=&#8221;right-to-left&#8221;]After finishing his studies, Joost went to study Tapirs (Dantas) in the medio Caquet\u00e1 region, the Colombian Amazon, during one year for a pilot study with the University of Amsterdam. He had to work closely with different indigenous tribes to visit the sacred \u00b4salt licks\u00b4, places rich in minerals where many animals come to eat the soil. He worked mainly with the Andoke tribe, where he soon got the nickname <strong>Dantica<\/strong> (ing\u00b4tha in Andoke), meaning little tapir. It is therefore no surprise that the lodge has the tapir as its logo, with tapirs actually living in its forest!<\/p>\n<p>After this study he started to buy indigenous art all over Latin America and soon met his wife, Maria Luisa, in Bogot\u00e1, Colombia. She worked with different ethnic communities and indigenous tribes in Colombia, designing new products for them using the traditional techniques. They decided to move to <strong>San Gerardo de Dota<\/strong> to open a small <strong>cloud forest lodge<\/strong> and a gallery on a 20 hectare <strong>forest<\/strong> reserve with some clearings, where they are committed to <strong>sustainable tourism<\/strong>.[\/vc_column_text][\/vc_column][\/vc_row][vc_row gap=&#8221;25&#8243; equal_height=&#8221;yes&#8221; content_placement=&#8221;middle&#8221;][vc_column width=&#8221;1\/4&#8243;][vc_empty_space height=&#8221;40px&#8221;][vc_single_image image=&#8221;2147&#8243; img_size=&#8221;full&#8221; alignment=&#8221;center&#8221; css_animation=&#8221;left-to-right&#8221;][\/vc_column][vc_column width=&#8221;3\/4&#8243;][vc_custom_heading text=&#8221;The construction&#8221; font_container=&#8221;tag:h5|text_align:left&#8221; use_theme_fonts=&#8221;yes&#8221;][vc_column_text css_animation=&#8221;right-to-left&#8221;]It was for them a perfect match, combining biology, indigenous art and design to create a little paradise high up in the cool mountains. They started constructing in 2003, beginning with their house, where they opened the <strong>Dantica<\/strong> gallery in the living room, and two Bungalows for rent. During the following 14\u00a0years, they expanded it into an ecolodge with 12\u00a0Bungalows, a large gallery with restaurant, an employee house, a playground and a laundry house.<\/p>\n<p>The constructions were made according to the respect for the environment because <strong>sustainability<\/strong> is very important for this <strong>cloud forest lodge<\/strong>. The clearings in the <strong>forest<\/strong> and along the road already existed and where used for blackberry cultivation.[\/vc_column_text][\/vc_column][\/vc_row][vc_row gap=&#8221;25&#8243; content_placement=&#8221;middle&#8221;][vc_column width=&#8221;1\/4&#8243;][vc_single_image image=&#8221;2151&#8243; img_size=&#8221;full&#8221; alignment=&#8221;center&#8221; css_animation=&#8221;left-to-right&#8221;][\/vc_column][vc_column width=&#8221;3\/4&#8243;][vc_empty_space height=&#8221;25px&#8221;][vc_column_text css_animation=&#8221;right-to-left&#8221;]It started with the design of the buildings, focused on a colonial style that fits in the beautiful natural settings of the area. 200 To 300 year old colonial doors, windows and tiles where shipped from the Colombian highlands to <strong>San Gerardo de Dota<\/strong>, to give the constructions this typical colonial look from the outside.[\/vc_column_text][\/vc_column][\/vc_row][vc_row gap=&#8221;25&#8243; content_placement=&#8221;middle&#8221;][vc_column width=&#8221;1\/4&#8243;][vc_single_image image=&#8221;2152&#8243; img_size=&#8221;full&#8221; alignment=&#8221;center&#8221; css_animation=&#8221;left-to-right&#8221;][\/vc_column][vc_column width=&#8221;3\/4&#8243;][vc_column_text css_animation=&#8221;right-to-left&#8221;]Secondly, they wanted to give their guests the feeling they are in the <strong>cloud forest<\/strong> 24 hours a day, so all the buildings where made with lots of glass; large windows from floor to ceiling to give you a direct contact with nature, combining the natural light and breathtaking views with a modern design.<\/p>\n<p>And in the third place the forest was respected, so there has only been built in the clearings, not one single tree has been cut and the design of several Bungalows is based on the space that was available between the trees left in the clearings.[\/vc_column_text][\/vc_column][\/vc_row][vc_row gap=&#8221;25&#8243; content_placement=&#8221;middle&#8221;][vc_column width=&#8221;1\/4&#8243;][vc_single_image image=&#8221;2146&#8243; img_size=&#8221;full&#8221; alignment=&#8221;center&#8221; css_animation=&#8221;left-to-right&#8221;][\/vc_column][vc_column width=&#8221;3\/4&#8243;][vc_empty_space height=&#8221;25px&#8221;][vc_column_text css_animation=&#8221;right-to-left&#8221;]In this way they have created a little jewel in balance with nature, where you can enjoy your vacations in comfort and luxury, while being in direct contact with this magnificent and endangered ecosystem, the magnificent oak dominated <strong>cloud forest<\/strong>s of the Talamanca range.[\/vc_column_text][\/vc_column][\/vc_row][vc_row gap=&#8221;25&#8243; content_placement=&#8221;middle&#8221;][vc_column width=&#8221;1\/4&#8243;][vc_single_image image=&#8221;2150&#8243; img_size=&#8221;full&#8221; alignment=&#8221;center&#8221; css_animation=&#8221;left-to-right&#8221;][\/vc_column][vc_column width=&#8221;3\/4&#8243;][vc_empty_space height=&#8221;25px&#8221;][vc_column_text css_animation=&#8221;right-to-left&#8221;]In 2009 they opened a second gallery in Playa Herradura, near Jac\u00f3, in 2012 the third gallery opens its doors in Moravia, San Jos\u00e9 and in 2017 the fourth in Jac\u00f3.<\/p>\n<p>Joost and Maria Luisa live now between<strong> San Gerardo de Dota<\/strong> and Playa Herradura, with their two children Sophie and Laurens, 12\u00a0and 11\u00a0years old.[\/vc_column_text][\/vc_column][\/vc_row][vc_row gap=&#8221;25&#8243; content_placement=&#8221;middle&#8221;][vc_column width=&#8221;1\/4&#8243;][vc_empty_space height=&#8221;75px&#8221;][vc_single_image image=&#8221;2149&#8243; img_size=&#8221;full&#8221; alignment=&#8221;center&#8221; css_animation=&#8221;left-to-right&#8221;][\/vc_column][vc_column width=&#8221;3\/4&#8243;][vc_custom_heading text=&#8221;History of San Gerardo de Dota&#8221; font_container=&#8221;tag:h5|text_align:left&#8221; use_theme_fonts=&#8221;yes&#8221;][vc_column_text css_animation=&#8221;right-to-left&#8221;]The valley of <strong>San Gerardo<\/strong>, Copey County, <strong>Dota<\/strong> District, San Jos\u00e9 Province, is located on the Pacific slopes of the Talamancan mountain range. Nowadays it is situated inside the Los Santos Forest Reserve and the <strong>Los Quetzales National Park<\/strong>, between 3.025 and 2.000 meters above sea level. There is a 9 kilometer long road that enters the valley at the top end, at 3.025 meters. There are two small rivers, the Ojo de Agua and the <strong>Savegre<\/strong>, they come together near the bridge and continue as a larger river called the <strong>Savegre<\/strong>, reaching the sea near Quepos. The forest is categorized as Upper Montane <strong>Cloud Forest<\/strong>, dominated by oak trees (Quercus spp.) that grow up to 50 meters and can live over 500 years. These <strong>forest<\/strong>s often experience a diurnal presence of clouds, which is why they are often called &#8220;<strong>cloud forest<\/strong>s&#8221;. The specific atmospheric humidity regime of these forests represents one of the main factors that cause the large array of differences in forest structure and functioning when compared to other tropical <strong>forest<\/strong>s.[\/vc_column_text][\/vc_column][\/vc_row][vc_row gap=&#8221;25&#8243; content_placement=&#8221;middle&#8221;][vc_column width=&#8221;1\/4&#8243;][vc_empty_space height=&#8221;40px&#8221;][vc_single_image image=&#8221;2148&#8243; img_size=&#8221;full&#8221; alignment=&#8221;center&#8221; css_animation=&#8221;left-to-right&#8221;][\/vc_column][vc_column width=&#8221;3\/4&#8243;][vc_column_text css_animation=&#8221;right-to-left&#8221;]Not so long ago this valley was pristine, without inhabitants. In the 1950\u00b4s the first family, Chac\u00f3n, arrived here crossing the mountains from the west, from Copey and Santa Mar\u00eda de<strong> Dota<\/strong> and were soon followed by other families like the Dada, Monge and Serrano. At the beginning they dedicated themselves to cattle ranching and later agriculture and carbon production, cutting down the forest on both sides of the river. There was no road and the valley was only accessible by foot or horse. The Cerro de la Muerte \u2013summit of death- earned its name making many victims who tried to cross the mountain from the Central Valley to the South by foot, unable to withstand the torrential rains at the Param\u00f3. At the end of the Second World War, 1944-1945, the United States built the Pan-American highway, connecting the United States with the Panama Canal. Because the Pan-American Highway only passed nine kilometers from the Chac\u00f3n family they decided to connect the valley to the Highway, digging a road up the valley by hand. Of course this changed a lot.[\/vc_column_text][\/vc_column][\/vc_row][vc_row][vc_column][vc_column_text css_animation=&#8221;appear&#8221;]The Chac\u00f3ns are the pioneers in tourism in this region and the first visitors started to arrive in the early 70\u00b4s. A little later, in 1975, the valley was declared part of the Los Santos <strong>Forest<\/strong> Reserve. Both tourism and the protected status helped to stop the destruction of the <strong>forest<\/strong>s. The growing community gave the valley the name of <strong>San Gerardo de Dota<\/strong>. In the 80\u00b4s several families started to cultivate rainbow trout, introduced in <strong>Costa Rica<\/strong> from Panam\u00e1 (originally from the US and Canada), and nowadays it is one of the main sources of income after <strong>ecotourism<\/strong>. After the formation of the Los Santos <strong>Forest<\/strong> Reserve the forests were protected, only in the formerly cleared parts were construction and cultivation allowed. Tourism was increasing mainly because this valley is one of the best (if not the best) places in the world to see the resplendent <strong>Quetzal<\/strong> (Pharomachrus mocinno), sacred bird that was worshipped by the Aztecs and Mayas. In 2006 the <strong>Los Quetzales National Park<\/strong> was created, the newest <strong>National Park<\/strong> in <strong>Costa Rica<\/strong> and open to public since July 2008. The mountains on both sides of the valley of <strong>San Gerardo<\/strong> are now part of this <strong>National Park<\/strong>.[\/vc_column_text][vc_empty_space height=&#8221;40px&#8221;][vc_column_text css_animation=&#8221;bottom-to-top&#8221;]\n<blockquote><p>&#8220;Right now I&#8217;m sitting in our cottage living room, looking out the large window into the mountains. It&#8217;s 5.00 in the evening and as in every evening the clouds are drifting in. That scene is one of my favourites, because I&#8217;m a mountain woman. Also I&#8217;m a &#8216;birder&#8217; and all my life I have longed to come here to see the magnificent feathered ones. Carlos has done such an excellent job to get us where we can see them best. I&#8217;m so grateful to him. The search for the resplendant quetzal was exciting; he was persistant in the search and willing to \u201cdrag\u201d this. Dantica Lodge is a special place, a little Eden of ecology, perce shared community and mutual respect. The beauty and quiet shows in the rainforest\/cloud forest and in the faces of the people.&#8221; Cathy and Pat \u2013 New England \u2013 USA.\u00a0<strong>Hotels<\/strong>\u00a0in\u00a0<strong>Costa Rica<\/strong>\u00a0&#8211;\u00a0<strong>Dantica Cloud Forest Lodge<\/strong>\u00a0&#8211;\u00a0<strong>San Gerardo de Dota<\/strong>\u00a0&#8211; B<strong>ird Watching<\/strong>\u00a0Paradise<\/p><\/blockquote>\n[\/vc_column_text][\/vc_column][\/vc_row]\n","protected":false},"excerpt":{"rendered":"<p>[vc_row][vc_column][vc_custom_heading text=&#8221;The name Dantica&#8221; font_container=&#8221;tag:h5|text_align:left&#8221; use_theme_fonts=&#8221;yes&#8221;][vc_column_text]The history of Dantica Cloud Forest Lodge starts with its name. The founders and owners of Dantica ecolodge are a Colombian &#8211; Dutch couple, Maria Luisa Castro Fern\u00e1ndez who is a textile designer, and Joost Wilms who is a tropical ecologist. When Joost was finishing his studies in 1992 he<\/p>\n<div class=\"bli-button\"><a href=\"https:\/\/www.dantica.com\/en\/about-us\/danticas-history\/\" class=\"btn btn-dark btn-rounded-5x btn-sm\">Read More<\/a><\/div>\n","protected":false},"author":1,"featured_media":2125,"parent":2770,"menu_order":0,"comment_status":"closed","ping_status":"closed","template":"","meta":[],"yoast_head":"<!-- This site is optimized with the Yoast SEO plugin v17.9 - https:\/\/yoast.com\/wordpress\/plugins\/seo\/ -->\n<title>Eco Lodge Dantica, boutique hotel San Gerardo de Dota, eco friendly boutique hotel<\/title>\n<meta name=\"description\" content=\"Eco Lodge Dantica, boutique hotel San Gerardo de Dota, eco friendly, quetzal tour, organic food Restaurant Le Tapir, certified sustainable hotel\" \/>\n<meta name=\"robots\" content=\"index, follow, max-snippet:-1, max-image-preview:large, max-video-preview:-1\" \/>\n<link rel=\"canonical\" href=\"https:\/\/www.dantica.com\/en\/about-us\/danticas-history\/\" \/>\n<meta property=\"og:locale\" content=\"en_US\" \/>\n<meta property=\"og:type\" content=\"article\" \/>\n<meta property=\"og:title\" content=\"Eco Lodge Dantica, boutique hotel San Gerardo de Dota, eco friendly boutique hotel\" \/>\n<meta property=\"og:description\" content=\"Eco Lodge Dantica, boutique hotel San Gerardo de Dota, eco friendly, quetzal tour, organic food Restaurant Le Tapir, certified sustainable hotel\" \/>\n<meta property=\"og:url\" content=\"https:\/\/www.dantica.com\/en\/about-us\/danticas-history\/\" \/>\n<meta property=\"og:site_name\" content=\"Cloud Forest Lodge, Dantica\" \/>\n<meta property=\"article:publisher\" content=\"https:\/\/www.facebook.com\/DanticaLodge\/\" \/>\n<meta property=\"article:modified_time\" content=\"2017-10-13T20:12:45+00:00\" \/>\n<meta property=\"og:image\" content=\"https:\/\/www.dantica.com\/wp-content\/uploads\/2016\/08\/main-bg.jpg\" \/>\n\t<meta property=\"og:image:width\" content=\"1920\" \/>\n\t<meta property=\"og:image:height\" content=\"800\" \/>\n\t<meta property=\"og:image:type\" content=\"image\/jpeg\" \/>\n<meta name=\"twitter:card\" content=\"summary\" \/>\n<meta name=\"twitter:site\" content=\"@danticalodge\" \/>\n<meta name=\"twitter:label1\" content=\"Est. reading time\" \/>\n\t<meta name=\"twitter:data1\" content=\"9 minutes\" \/>\n<script type=\"application\/ld+json\" class=\"yoast-schema-graph\">{\"@context\":\"https:\/\/schema.org\",\"@graph\":[{\"@type\":\"Organization\",\"@id\":\"https:\/\/www.dantica.com\/#organization\",\"name\":\"Dantica Cloud Forest Lodge\",\"url\":\"https:\/\/www.dantica.com\/\",\"sameAs\":[\"https:\/\/www.facebook.com\/DanticaLodge\/\",\"https:\/\/www.youtube.com\/channel\/UCWBk5qhnuS3Dgj1IvJwDSLw\",\"https:\/\/twitter.com\/danticalodge\"],\"logo\":{\"@type\":\"ImageObject\",\"@id\":\"https:\/\/www.dantica.com\/#logo\",\"inLanguage\":\"en-US\",\"url\":\"https:\/\/www.dantica.com\/wp-content\/uploads\/2016\/07\/logo.png\",\"contentUrl\":\"https:\/\/www.dantica.com\/wp-content\/uploads\/2016\/07\/logo.png\",\"width\":210,\"height\":61,\"caption\":\"Dantica Cloud Forest Lodge\"},\"image\":{\"@id\":\"https:\/\/www.dantica.com\/#logo\"}},{\"@type\":\"WebSite\",\"@id\":\"https:\/\/www.dantica.com\/#website\",\"url\":\"https:\/\/www.dantica.com\/\",\"name\":\"Cloud Forest Lodge, Dantica\",\"description\":\"Dantica, a cloud forest lodge. Quetzal tour, birdwatching tour, trails, hiking, restaurant Le Tapir, Art Gallery\",\"publisher\":{\"@id\":\"https:\/\/www.dantica.com\/#organization\"},\"potentialAction\":[{\"@type\":\"SearchAction\",\"target\":{\"@type\":\"EntryPoint\",\"urlTemplate\":\"https:\/\/www.dantica.com\/?s={search_term_string}\"},\"query-input\":\"required name=search_term_string\"}],\"inLanguage\":\"en-US\"},{\"@type\":\"ImageObject\",\"@id\":\"https:\/\/www.dantica.com\/en\/about-us\/danticas-history\/#primaryimage\",\"inLanguage\":\"en-US\",\"url\":\"https:\/\/www.dantica.com\/wp-content\/uploads\/2016\/08\/main-bg.jpg\",\"contentUrl\":\"https:\/\/www.dantica.com\/wp-content\/uploads\/2016\/08\/main-bg.jpg\",\"width\":1920,\"height\":800},{\"@type\":\"WebPage\",\"@id\":\"https:\/\/www.dantica.com\/en\/about-us\/danticas-history\/#webpage\",\"url\":\"https:\/\/www.dantica.com\/en\/about-us\/danticas-history\/\",\"name\":\"Eco Lodge Dantica, boutique hotel San Gerardo de Dota, eco friendly boutique hotel\",\"isPartOf\":{\"@id\":\"https:\/\/www.dantica.com\/#website\"},\"primaryImageOfPage\":{\"@id\":\"https:\/\/www.dantica.com\/en\/about-us\/danticas-history\/#primaryimage\"},\"datePublished\":\"2016-09-14T02:10:35+00:00\",\"dateModified\":\"2017-10-13T20:12:45+00:00\",\"description\":\"Eco Lodge Dantica, boutique hotel San Gerardo de Dota, eco friendly, quetzal tour, organic food Restaurant Le Tapir, certified sustainable hotel\",\"breadcrumb\":{\"@id\":\"https:\/\/www.dantica.com\/en\/about-us\/danticas-history\/#breadcrumb\"},\"inLanguage\":\"en-US\",\"potentialAction\":[{\"@type\":\"ReadAction\",\"target\":[\"https:\/\/www.dantica.com\/en\/about-us\/danticas-history\/\"]}]},{\"@type\":\"BreadcrumbList\",\"@id\":\"https:\/\/www.dantica.com\/en\/about-us\/danticas-history\/#breadcrumb\",\"itemListElement\":[{\"@type\":\"ListItem\",\"position\":1,\"name\":\"Portada\",\"item\":\"https:\/\/www.dantica.com\/en\/\"},{\"@type\":\"ListItem\",\"position\":2,\"name\":\"About Us\",\"item\":\"https:\/\/www.dantica.com\/en\/about-us\/\"},{\"@type\":\"ListItem\",\"position\":3,\"name\":\"Dantica&#8217;s History\"}]}]}<\/script>\n<!-- \/ Yoast SEO plugin. -->","yoast_head_json":{"title":"Eco Lodge Dantica, boutique hotel San Gerardo de Dota, eco friendly boutique hotel","description":"Eco Lodge Dantica, boutique hotel San Gerardo de Dota, eco friendly, quetzal tour, organic food Restaurant Le Tapir, certified sustainable hotel","robots":{"index":"index","follow":"follow","max-snippet":"max-snippet:-1","max-image-preview":"max-image-preview:large","max-video-preview":"max-video-preview:-1"},"canonical":"https:\/\/www.dantica.com\/en\/about-us\/danticas-history\/","og_locale":"en_US","og_type":"article","og_title":"Eco Lodge Dantica, boutique hotel San Gerardo de Dota, eco friendly boutique hotel","og_description":"Eco Lodge Dantica, boutique hotel San Gerardo de Dota, eco friendly, quetzal tour, organic food Restaurant Le Tapir, certified sustainable hotel","og_url":"https:\/\/www.dantica.com\/en\/about-us\/danticas-history\/","og_site_name":"Cloud Forest Lodge, Dantica","article_publisher":"https:\/\/www.facebook.com\/DanticaLodge\/","article_modified_time":"2017-10-13T20:12:45+00:00","og_image":[{"width":1920,"height":800,"url":"https:\/\/www.dantica.com\/wp-content\/uploads\/2016\/08\/main-bg.jpg","type":"image\/jpeg"}],"twitter_card":"summary","twitter_site":"@danticalodge","twitter_misc":{"Est. reading time":"9 minutes"},"schema":{"@context":"https:\/\/schema.org","@graph":[{"@type":"Organization","@id":"https:\/\/www.dantica.com\/#organization","name":"Dantica Cloud Forest Lodge","url":"https:\/\/www.dantica.com\/","sameAs":["https:\/\/www.facebook.com\/DanticaLodge\/","https:\/\/www.youtube.com\/channel\/UCWBk5qhnuS3Dgj1IvJwDSLw","https:\/\/twitter.com\/danticalodge"],"logo":{"@type":"ImageObject","@id":"https:\/\/www.dantica.com\/#logo","inLanguage":"en-US","url":"https:\/\/www.dantica.com\/wp-content\/uploads\/2016\/07\/logo.png","contentUrl":"https:\/\/www.dantica.com\/wp-content\/uploads\/2016\/07\/logo.png","width":210,"height":61,"caption":"Dantica Cloud Forest Lodge"},"image":{"@id":"https:\/\/www.dantica.com\/#logo"}},{"@type":"WebSite","@id":"https:\/\/www.dantica.com\/#website","url":"https:\/\/www.dantica.com\/","name":"Cloud Forest Lodge, Dantica","description":"Dantica, a cloud forest lodge. Quetzal tour, birdwatching tour, trails, hiking, restaurant Le Tapir, Art Gallery","publisher":{"@id":"https:\/\/www.dantica.com\/#organization"},"potentialAction":[{"@type":"SearchAction","target":{"@type":"EntryPoint","urlTemplate":"https:\/\/www.dantica.com\/?s={search_term_string}"},"query-input":"required name=search_term_string"}],"inLanguage":"en-US"},{"@type":"ImageObject","@id":"https:\/\/www.dantica.com\/en\/about-us\/danticas-history\/#primaryimage","inLanguage":"en-US","url":"https:\/\/www.dantica.com\/wp-content\/uploads\/2016\/08\/main-bg.jpg","contentUrl":"https:\/\/www.dantica.com\/wp-content\/uploads\/2016\/08\/main-bg.jpg","width":1920,"height":800},{"@type":"WebPage","@id":"https:\/\/www.dantica.com\/en\/about-us\/danticas-history\/#webpage","url":"https:\/\/www.dantica.com\/en\/about-us\/danticas-history\/","name":"Eco Lodge Dantica, boutique hotel San Gerardo de Dota, eco friendly boutique hotel","isPartOf":{"@id":"https:\/\/www.dantica.com\/#website"},"primaryImageOfPage":{"@id":"https:\/\/www.dantica.com\/en\/about-us\/danticas-history\/#primaryimage"},"datePublished":"2016-09-14T02:10:35+00:00","dateModified":"2017-10-13T20:12:45+00:00","description":"Eco Lodge Dantica, boutique hotel San Gerardo de Dota, eco friendly, quetzal tour, organic food Restaurant Le Tapir, certified sustainable hotel","breadcrumb":{"@id":"https:\/\/www.dantica.com\/en\/about-us\/danticas-history\/#breadcrumb"},"inLanguage":"en-US","potentialAction":[{"@type":"ReadAction","target":["https:\/\/www.dantica.com\/en\/about-us\/danticas-history\/"]}]},{"@type":"BreadcrumbList","@id":"https:\/\/www.dantica.com\/en\/about-us\/danticas-history\/#breadcrumb","itemListElement":[{"@type":"ListItem","position":1,"name":"Portada","item":"https:\/\/www.dantica.com\/en\/"},{"@type":"ListItem","position":2,"name":"About Us","item":"https:\/\/www.dantica.com\/en\/about-us\/"},{"@type":"ListItem","position":3,"name":"Dantica&#8217;s History"}]}]}},"_links":{"self":[{"href":"https:\/\/www.dantica.com\/en\/wp-json\/wp\/v2\/pages\/2786"}],"collection":[{"href":"https:\/\/www.dantica.com\/en\/wp-json\/wp\/v2\/pages"}],"about":[{"href":"https:\/\/www.dantica.com\/en\/wp-json\/wp\/v2\/types\/page"}],"author":[{"embeddable":true,"href":"https:\/\/www.dantica.com\/en\/wp-json\/wp\/v2\/users\/1"}],"replies":[{"embeddable":true,"href":"https:\/\/www.dantica.com\/en\/wp-json\/wp\/v2\/comments?post=2786"}],"version-history":[{"count":4,"href":"https:\/\/www.dantica.com\/en\/wp-json\/wp\/v2\/pages\/2786\/revisions"}],"predecessor-version":[{"id":3155,"href":"https:\/\/www.dantica.com\/en\/wp-json\/wp\/v2\/pages\/2786\/revisions\/3155"}],"up":[{"embeddable":true,"href":"https:\/\/www.dantica.com\/en\/wp-json\/wp\/v2\/pages\/2770"}],"wp:featuredmedia":[{"embeddable":true,"href":"https:\/\/www.dantica.com\/en\/wp-json\/wp\/v2\/media\/2125"}],"wp:attachment":[{"href":"https:\/\/www.dantica.com\/en\/wp-json\/wp\/v2\/media?parent=2786"}],"curies":[{"name":"wp","href":"https:\/\/api.w.org\/{rel}","templated":true}]}}